{"id":4851,"date":"2022-06-09T12:01:09","date_gmt":"2022-06-09T12:01:09","guid":{"rendered":"https:\/\/firmaschaap.com\/?page_id=4851"},"modified":"2022-09-06T13:12:35","modified_gmt":"2022-09-06T13:12:35","slug":"montbeliarde-heifers","status":"publish","type":"page","link":"https:\/\/firmaschaap.com\/nl\/montbeliarde-heifers\/","title":{"rendered":"Montb\u00e9liarde heifers"},"content":{"rendered":"<div class=\"gb-container gb-container-b340d361\"><div class=\"gb-inside-container\">\n<div class=\"gb-grid-wrapper gb-grid-wrapper-c2568ec3\">\n<div class=\"gb-grid-column gb-grid-column-88409071\"><div class=\"gb-container gb-container-88409071\"><div class=\"gb-inside-container\"><\/div><\/div><\/div>\n\n<div class=\"gb-grid-column gb-grid-column-ba8d6b6c\"><div class=\"gb-container gb-container-ba8d6b6c\"><div class=\"gb-inside-container\">\n\n<h3 class=\"gb-headline gb-headline-8cf3c7e1 gb-headline-text\">Specifications of Montb\u00e9liarde heifers<\/h3>\n\n\n\n<ul class=\"wp-block-list\"><li>Red&amp;White<\/li><li>Age pregnant heifers: between 28-34 months at time of calving<\/li><li>Pedigree registered<\/li><li>Lactation between 20-30 liters per day<\/li><li>Annual Milk production of 6.000-9.000 liters\/year<\/li><li>Fat: 3,9%<\/li><li>Protein: 3,45%<\/li><\/ul>\n\n\n<div class=\"gb-button-wrapper gb-button-wrapper-7ff3f6a9\">\n\n<a class=\"gb-button gb-button-5c154d23 smooth-scroll\" href=\"https:\/\/firmaschaap.com\/nl\/contact\/\"><span class=\"gb-button-text\">IMPORT OUR Montb\u00e9liarde HEIFERS<\/span><span class=\"gb-icon\"><svg aria-hidden=\"true\" data-prefix=\"fas\" data-icon=\"long-arrow-alt-right\" class=\"svg-inline--fa fa-long-arrow-alt-right fa-w-14\" xmlns=\"http:\/\/www.w3.org\/2000\/svg\" viewbox=\"0 0 448 512\"><path fill=\"currentColor\" d=\"M313.941 216H12c-6.627 0-12 5.373-12 12v56c0 6.627 5.373 12 12 12h301.941v46.059c0 21.382 25.851 32.09 40.971 16.971l86.059-86.059c9.373-9.373 9.373-24.569 0-33.941l-86.059-86.059c-15.119-15.119-40.971-4.411-40.971 16.971V216z\"><\/path><\/svg><\/span><\/a>\n\n<\/div>\n<\/div><\/div><\/div>\n<\/div>\n<\/div><\/div>\n\n\n<p><\/p>\n\n\n\n<h2 class=\"wp-block-heading\">Montb\u00e9liarde History<\/h2>\n\n\n\n<p>The Montb\u00e9liarde race is a dual purpose breed dairy cow, that found its origin in the French city Montbeliard. It is an area between Switzerland and France, the Jura.<\/p>\n\n\n\n<p>In 1872, Mr Joseph Graber used the name Montb\u00e9liarde for the 1st time to a group of cows at the Langres agricultural competition. In 1889 the breed was officially accepted as Montb\u00e9liarde. The Montb\u00e9liarde race is very popular in Algeria and the South of France. Lots of Montb\u00e9liarde heifers got transported since 1900.<\/p>\n\n\n\n<p>The breed Montb\u00e9liarde has been crossed with the breeds Red Holstein (for its milk), Simmental\/ Fleckvieh, and <a href=\"https:\/\/firmaschaap.com\/nl\/danish-red-heifers\/\">Danish Red<\/a>, between 1970 and 1990.<\/p>\n\n\n<div class=\"wp-block-image\">\n<figure class=\"alignright size-large is-resized\"><img loading=\"lazy\" decoding=\"async\" src=\"https:\/\/firmaschaap.com\/wp-content\/uploads\/2022\/06\/montbiliarde-heifer-829x1024.jpg\" alt=\"import montbiliarde heifer\" class=\"wp-image-4855\" width=\"415\" height=\"512\" srcset=\"https:\/\/firmaschaap.com\/wp-content\/uploads\/2022\/06\/montbiliarde-heifer-829x1024.jpg 829w, https:\/\/firmaschaap.com\/wp-content\/uploads\/2022\/06\/montbiliarde-heifer-243x300.jpg 243w, https:\/\/firmaschaap.com\/wp-content\/uploads\/2022\/06\/montbiliarde-heifer-768x949.jpg 768w, https:\/\/firmaschaap.com\/wp-content\/uploads\/2022\/06\/montbiliarde-heifer-10x12.jpg 10w, https:\/\/firmaschaap.com\/wp-content\/uploads\/2022\/06\/montbiliarde-heifer.jpg 1200w\" sizes=\"auto, (max-width: 415px) 100vw, 415px\" \/><\/figure>\n<\/div>\n\n\n<p>The Montb\u00e9liarde race is characterized by red&amp;white color with a white head. Compared to Simmental\/Fleckvieh, the Montb\u00e9liarde race is more dairy typical in its bodywork and production of course. Compared to Holstein breed, the Montb\u00e9liarde race has better beef characteristics.<\/p>\n\n\n\n<p>The Montb\u00e9liarde population recorded in France in totally about 685.000 cows and heifers with an average lactation of 7500 liters with 3.9% fat and 3.45% protein. The average weight of an adult Montb\u00e9liarde cow is between the 650-800kg. Adult bulls weigh between 1000-1200kg.<\/p>\n\n\n\n<p>This breed is very populair for cheesmaking: Emmental and Gruy\u00e8re cheese.<\/p>\n\n\n\n<p>The protein percentage for Montb\u00e9liarde cattle is high, so that is why the Montb\u00e9liarde race is quite popular in the cheese making industry. Sometimes Holstein farms use Montb\u00e9liarde semen to improve their longevity and fertility in their herd.<\/p>\n\n\n\n<p>Characteristics Montb\u00e9liarde race:<\/p>\n\n\n\n<ul class=\"wp-block-list\"><li>Strong animal with extra muscles (good for beef production)<\/li><li>Good udder.<\/li><li>High fertility; (high success rate in artificial insemination)<\/li><li>Longevity (24 % with 5 or more lactation)<\/li><li>Strong legs.<\/li><li>Good resistance to mastitis.<\/li><li>High fat &amp; protein percentage.<\/li><\/ul>\n\n\n\n<p>Montb\u00e9liarde race: is not affected by the heat, and can eat easily bigger quantities of rough forage, which enables it to maintain its performances when used in much hotter regions.<\/p>\n\n\n\n<p>This breed Montb\u00e9liarde is very popular in countries like Morocco, Algeria, Kazakhstan, Uzbekistan, and Russia.<\/p>","protected":false},"excerpt":{"rendered":"<p>Montb\u00e9liarde History The Montb\u00e9liarde race is a dual purpose breed dairy cow, that found its origin in the French city Montbeliard. It &#8230; <a title=\"Montb\u00e9liarde heifers\" class=\"read-more\" href=\"https:\/\/firmaschaap.com\/nl\/montbeliarde-heifers\/\" aria-label=\"Lees meer over Montb\u00e9liarde heifers\">Lees meer<\/a><\/p>","protected":false},"author":2,"featured_media":0,"parent":0,"menu_order":0,"comment_status":"closed","ping_status":"closed","template":"","meta":{"footnotes":""},"class_list":["post-4851","page","type-page","status-publish"],"yoast_head":"<!-- This site is optimized with the Yoast SEO plugin v24.8.1 - https:\/\/yoast.com\/wordpress\/plugins\/seo\/ -->\n<title>Montb\u00e9liarde heifers | Import &amp; export livestock cattle | Firma Schaap<\/title>\n<meta name=\"description\" content=\"Looking for import \/ export Montb\u00e9liarde heifers? Based in the Netherlands we are specialized in livestock cattle. Contact us today.\" \/>\n<meta name=\"robots\" content=\"index, follow, max-snippet:-1, max-image-preview:large, max-video-preview:-1\" \/>\n<link rel=\"canonical\" href=\"https:\/\/firmaschaap.com\/nl\/montbeliarde-heifers\/\" \/>\n<meta property=\"og:locale\" content=\"nl_NL\" \/>\n<meta property=\"og:type\" content=\"article\" \/>\n<meta property=\"og:title\" content=\"Montb\u00e9liarde heifers | Import &amp; export livestock cattle | Firma Schaap\" \/>\n<meta property=\"og:description\" content=\"Looking for import \/ export Montb\u00e9liarde heifers? Based in the Netherlands we are specialized in livestock cattle. Contact us today.\" \/>\n<meta property=\"og:url\" content=\"https:\/\/firmaschaap.com\/nl\/montbeliarde-heifers\/\" \/>\n<meta property=\"og:site_name\" content=\"Firma Schaap\" \/>\n<meta property=\"article:modified_time\" content=\"2022-09-06T13:12:35+00:00\" \/>\n<meta property=\"og:image\" content=\"https:\/\/firmaschaap.com\/wp-content\/uploads\/2022\/06\/montbiliarde-heifer-829x1024.jpg\" \/>\n<meta name=\"twitter:card\" content=\"summary_large_image\" \/>\n<meta name=\"twitter:label1\" content=\"Geschatte leestijd\" \/>\n\t<meta name=\"twitter:data1\" content=\"2 minuten\" \/>\n<script type=\"application\/ld+json\" class=\"yoast-schema-graph\">{\"@context\":\"https:\/\/schema.org\",\"@graph\":[{\"@type\":\"WebPage\",\"@id\":\"https:\/\/firmaschaap.com\/montbeliarde-heifers\/\",\"url\":\"https:\/\/firmaschaap.com\/montbeliarde-heifers\/\",\"name\":\"Montb\u00e9liarde heifers | Import & export livestock cattle | Firma Schaap\",\"isPartOf\":{\"@id\":\"https:\/\/firmaschaap.com\/#website\"},\"primaryImageOfPage\":{\"@id\":\"https:\/\/firmaschaap.com\/montbeliarde-heifers\/#primaryimage\"},\"image\":{\"@id\":\"https:\/\/firmaschaap.com\/montbeliarde-heifers\/#primaryimage\"},\"thumbnailUrl\":\"https:\/\/firmaschaap.com\/wp-content\/uploads\/2022\/06\/montbiliarde-heifer-829x1024.jpg\",\"datePublished\":\"2022-06-09T12:01:09+00:00\",\"dateModified\":\"2022-09-06T13:12:35+00:00\",\"description\":\"Looking for import \/ export Montb\u00e9liarde heifers? Based in the Netherlands we are specialized in livestock cattle. Contact us today.\",\"breadcrumb\":{\"@id\":\"https:\/\/firmaschaap.com\/montbeliarde-heifers\/#breadcrumb\"},\"inLanguage\":\"nl-NL\",\"potentialAction\":[{\"@type\":\"ReadAction\",\"target\":[\"https:\/\/firmaschaap.com\/montbeliarde-heifers\/\"]}]},{\"@type\":\"ImageObject\",\"inLanguage\":\"nl-NL\",\"@id\":\"https:\/\/firmaschaap.com\/montbeliarde-heifers\/#primaryimage\",\"url\":\"https:\/\/firmaschaap.com\/wp-content\/uploads\/2022\/06\/montbiliarde-heifer-829x1024.jpg\",\"contentUrl\":\"https:\/\/firmaschaap.com\/wp-content\/uploads\/2022\/06\/montbiliarde-heifer-829x1024.jpg\"},{\"@type\":\"BreadcrumbList\",\"@id\":\"https:\/\/firmaschaap.com\/montbeliarde-heifers\/#breadcrumb\",\"itemListElement\":[{\"@type\":\"ListItem\",\"position\":1,\"name\":\"Home\",\"item\":\"https:\/\/firmaschaap.com\/\"},{\"@type\":\"ListItem\",\"position\":2,\"name\":\"Montb\u00e9liarde heifers\"}]},{\"@type\":\"WebSite\",\"@id\":\"https:\/\/firmaschaap.com\/#website\",\"url\":\"https:\/\/firmaschaap.com\/\",\"name\":\"Firma Schaap\",\"description\":\"Sinds 1880 actief als exporteur van fokvee\",\"publisher\":{\"@id\":\"https:\/\/firmaschaap.com\/#organization\"},\"potentialAction\":[{\"@type\":\"SearchAction\",\"target\":{\"@type\":\"EntryPoint\",\"urlTemplate\":\"https:\/\/firmaschaap.com\/?s={search_term_string}\"},\"query-input\":{\"@type\":\"PropertyValueSpecification\",\"valueRequired\":true,\"valueName\":\"search_term_string\"}}],\"inLanguage\":\"nl-NL\"},{\"@type\":\"Organization\",\"@id\":\"https:\/\/firmaschaap.com\/#organization\",\"name\":\"Firma Schaap\",\"url\":\"https:\/\/firmaschaap.com\/\",\"logo\":{\"@type\":\"ImageObject\",\"inLanguage\":\"nl-NL\",\"@id\":\"https:\/\/firmaschaap.com\/#\/schema\/logo\/image\/\",\"url\":\"https:\/\/firmaschaap.com\/wp-content\/uploads\/2021\/08\/logo-firma-schaap-retina.jpg\",\"contentUrl\":\"https:\/\/firmaschaap.com\/wp-content\/uploads\/2021\/08\/logo-firma-schaap-retina.jpg\",\"width\":1000,\"height\":502,\"caption\":\"Firma Schaap\"},\"image\":{\"@id\":\"https:\/\/firmaschaap.com\/#\/schema\/logo\/image\/\"}}]}<\/script>\n<!-- \/ Yoast SEO plugin. -->","yoast_head_json":{"title":"Montb\u00e9liarde heifers | Import & export livestock cattle | Firma Schaap","description":"Looking for import \/ export Montb\u00e9liarde heifers? Based in the Netherlands we are specialized in livestock cattle. Contact us today.","robots":{"index":"index","follow":"follow","max-snippet":"max-snippet:-1","max-image-preview":"max-image-preview:large","max-video-preview":"max-video-preview:-1"},"canonical":"https:\/\/firmaschaap.com\/nl\/montbeliarde-heifers\/","og_locale":"nl_NL","og_type":"article","og_title":"Montb\u00e9liarde heifers | Import & export livestock cattle | Firma Schaap","og_description":"Looking for import \/ export Montb\u00e9liarde heifers? Based in the Netherlands we are specialized in livestock cattle. Contact us today.","og_url":"https:\/\/firmaschaap.com\/nl\/montbeliarde-heifers\/","og_site_name":"Firma Schaap","article_modified_time":"2022-09-06T13:12:35+00:00","og_image":[{"url":"https:\/\/firmaschaap.com\/wp-content\/uploads\/2022\/06\/montbiliarde-heifer-829x1024.jpg","type":"","width":"","height":""}],"twitter_card":"summary_large_image","twitter_misc":{"Geschatte leestijd":"2 minuten"},"schema":{"@context":"https:\/\/schema.org","@graph":[{"@type":"WebPage","@id":"https:\/\/firmaschaap.com\/montbeliarde-heifers\/","url":"https:\/\/firmaschaap.com\/montbeliarde-heifers\/","name":"Montb\u00e9liarde heifers | Import & export livestock cattle | Firma Schaap","isPartOf":{"@id":"https:\/\/firmaschaap.com\/#website"},"primaryImageOfPage":{"@id":"https:\/\/firmaschaap.com\/montbeliarde-heifers\/#primaryimage"},"image":{"@id":"https:\/\/firmaschaap.com\/montbeliarde-heifers\/#primaryimage"},"thumbnailUrl":"https:\/\/firmaschaap.com\/wp-content\/uploads\/2022\/06\/montbiliarde-heifer-829x1024.jpg","datePublished":"2022-06-09T12:01:09+00:00","dateModified":"2022-09-06T13:12:35+00:00","description":"Looking for import \/ export Montb\u00e9liarde heifers? Based in the Netherlands we are specialized in livestock cattle. Contact us today.","breadcrumb":{"@id":"https:\/\/firmaschaap.com\/montbeliarde-heifers\/#breadcrumb"},"inLanguage":"nl-NL","potentialAction":[{"@type":"ReadAction","target":["https:\/\/firmaschaap.com\/montbeliarde-heifers\/"]}]},{"@type":"ImageObject","inLanguage":"nl-NL","@id":"https:\/\/firmaschaap.com\/montbeliarde-heifers\/#primaryimage","url":"https:\/\/firmaschaap.com\/wp-content\/uploads\/2022\/06\/montbiliarde-heifer-829x1024.jpg","contentUrl":"https:\/\/firmaschaap.com\/wp-content\/uploads\/2022\/06\/montbiliarde-heifer-829x1024.jpg"},{"@type":"BreadcrumbList","@id":"https:\/\/firmaschaap.com\/montbeliarde-heifers\/#breadcrumb","itemListElement":[{"@type":"ListItem","position":1,"name":"Home","item":"https:\/\/firmaschaap.com\/"},{"@type":"ListItem","position":2,"name":"Montb\u00e9liarde heifers"}]},{"@type":"WebSite","@id":"https:\/\/firmaschaap.com\/#website","url":"https:\/\/firmaschaap.com\/","name":"Firma Schaap","description":"Sinds 1880 actief als exporteur van fokvee","publisher":{"@id":"https:\/\/firmaschaap.com\/#organization"},"potentialAction":[{"@type":"SearchAction","target":{"@type":"EntryPoint","urlTemplate":"https:\/\/firmaschaap.com\/?s={search_term_string}"},"query-input":{"@type":"PropertyValueSpecification","valueRequired":true,"valueName":"search_term_string"}}],"inLanguage":"nl-NL"},{"@type":"Organization","@id":"https:\/\/firmaschaap.com\/#organization","name":"Firma Schaap","url":"https:\/\/firmaschaap.com\/","logo":{"@type":"ImageObject","inLanguage":"nl-NL","@id":"https:\/\/firmaschaap.com\/#\/schema\/logo\/image\/","url":"https:\/\/firmaschaap.com\/wp-content\/uploads\/2021\/08\/logo-firma-schaap-retina.jpg","contentUrl":"https:\/\/firmaschaap.com\/wp-content\/uploads\/2021\/08\/logo-firma-schaap-retina.jpg","width":1000,"height":502,"caption":"Firma Schaap"},"image":{"@id":"https:\/\/firmaschaap.com\/#\/schema\/logo\/image\/"}}]}},"_links":{"self":[{"href":"https:\/\/firmaschaap.com\/nl\/wp-json\/wp\/v2\/pages\/4851","targetHints":{"allow":["GET"]}}],"collection":[{"href":"https:\/\/firmaschaap.com\/nl\/wp-json\/wp\/v2\/pages"}],"about":[{"href":"https:\/\/firmaschaap.com\/nl\/wp-json\/wp\/v2\/types\/page"}],"author":[{"embeddable":true,"href":"https:\/\/firmaschaap.com\/nl\/wp-json\/wp\/v2\/users\/2"}],"replies":[{"embeddable":true,"href":"https:\/\/firmaschaap.com\/nl\/wp-json\/wp\/v2\/comments?post=4851"}],"version-history":[{"count":5,"href":"https:\/\/firmaschaap.com\/nl\/wp-json\/wp\/v2\/pages\/4851\/revisions"}],"predecessor-version":[{"id":4932,"href":"https:\/\/firmaschaap.com\/nl\/wp-json\/wp\/v2\/pages\/4851\/revisions\/4932"}],"wp:attachment":[{"href":"https:\/\/firmaschaap.com\/nl\/wp-json\/wp\/v2\/media?parent=4851"}],"curies":[{"name":"wp","href":"https:\/\/api.w.org\/{rel}","templated":true}]}}